{"id":16,"date":"2025-05-30T14:08:13","date_gmt":"2025-05-30T14:08:13","guid":{"rendered":"https:\/\/sf.kreativoldal.hu\/?page_id=16"},"modified":"2025-07-11T14:27:44","modified_gmt":"2025-07-11T12:27:44","slug":"hirek","status":"publish","type":"page","link":"https:\/\/sweetfable.hu\/en\/hirek\/","title":{"rendered":"News"},"content":{"rendered":"<div data-elementor-type=\"wp-page\" data-elementor-id=\"16\" class=\"elementor elementor-16\" data-elementor-post-type=\"page\">\n\t\t\t\t<div class=\"elementor-element elementor-element-ad412e0 e-flex e-con-boxed e-con e-parent\" data-id=\"ad412e0\" data-element_type=\"container\" data-settings=\"{&quot;background_background&quot;:&quot;classic&quot;}\">\n\t\t\t\t\t<div class=\"e-con-inner\">\n\t\t\t\t<div class=\"elementor-element elementor-element-a3b65a7 elementor-widget elementor-widget-heading\" data-id=\"a3b65a7\" data-element_type=\"widget\" data-widget_type=\"heading.default\">\n\t\t\t\t<div class=\"elementor-widget-container\">\n\t\t\t\t\t<h2 class=\"elementor-heading-title elementor-size-default\">News<\/h2>\t\t\t\t<\/div>\n\t\t\t\t<\/div>\n\t\t\t\t<div class=\"elementor-element elementor-element-cc36151 elementor-widget elementor-widget-text-editor\" data-id=\"cc36151\" data-element_type=\"widget\" data-widget_type=\"text-editor.default\">\n\t\t\t\t<div class=\"elementor-widget-container\">\n\t\t\t\t\t\t\t\t\t<p>Read the most important news about Sweet Fable Beagle Kennel!<\/p>\t\t\t\t\t\t\t\t<\/div>\n\t\t\t\t<\/div>\n\t\t\t\t\t<\/div>\n\t\t\t\t<\/div>\n\t\t<div class=\"elementor-element elementor-element-7e3f04e e-flex e-con-boxed e-con e-parent\" data-id=\"7e3f04e\" data-element_type=\"container\">\n\t\t\t\t\t<div class=\"e-con-inner\">\n\t\t\t\t<div class=\"elementor-element elementor-element-3885594 elementor-posts--align-center elementor-grid-4 elementor-grid-tablet-2 elementor-grid-mobile-1 elementor-posts--thumbnail-top elementor-card-shadow-yes elementor-posts__hover-gradient elementor-widget elementor-widget-posts\" data-id=\"3885594\" data-element_type=\"widget\" data-settings=\"{&quot;cards_row_gap&quot;:{&quot;unit&quot;:&quot;px&quot;,&quot;size&quot;:25,&quot;sizes&quot;:[]},&quot;cards_columns&quot;:&quot;4&quot;,&quot;cards_columns_tablet&quot;:&quot;2&quot;,&quot;cards_columns_mobile&quot;:&quot;1&quot;,&quot;cards_row_gap_tablet&quot;:{&quot;unit&quot;:&quot;px&quot;,&quot;size&quot;:&quot;&quot;,&quot;sizes&quot;:[]},&quot;cards_row_gap_mobile&quot;:{&quot;unit&quot;:&quot;px&quot;,&quot;size&quot;:&quot;&quot;,&quot;sizes&quot;:[]}}\" data-widget_type=\"posts.cards\">\n\t\t\t\t<div class=\"elementor-widget-container\">\n\t\t\t\t\t\t\t<div class=\"elementor-posts-container elementor-posts elementor-posts--skin-cards elementor-grid\">\n\t\t\t\t<article class=\"elementor-post elementor-grid-item post-1212 post type-post status-publish format-standard has-post-thumbnail hentry category-altalanos-hirek category-kolykok tag-beagle tag-beagle-kan tag-beagle-kolyok\">\n\t\t\t<div class=\"elementor-post__card\">\n\t\t\t\t<a class=\"elementor-post__thumbnail__link\" href=\"https:\/\/sweetfable.hu\/en\/sweet-fable-indigo-beagle-kan-kolyok-csaladjat-keresi\/\" tabindex=\"-1\" ><div class=\"elementor-post__thumbnail\"><img fetchpriority=\"high\" decoding=\"async\" width=\"1200\" height=\"800\" src=\"https:\/\/sweetfable.hu\/wp-content\/uploads\/2026\/02\/DSC_0925.jpg\" class=\"attachment-full size-full wp-image-1214\" alt=\"\" srcset=\"https:\/\/sweetfable.hu\/wp-content\/uploads\/2026\/02\/DSC_0925.jpg 1200w, https:\/\/sweetfable.hu\/wp-content\/uploads\/2026\/02\/DSC_0925-300x200.jpg 300w, https:\/\/sweetfable.hu\/wp-content\/uploads\/2026\/02\/DSC_0925-1024x683.jpg 1024w, https:\/\/sweetfable.hu\/wp-content\/uploads\/2026\/02\/DSC_0925-768x512.jpg 768w, https:\/\/sweetfable.hu\/wp-content\/uploads\/2026\/02\/DSC_0925-18x12.jpg 18w\" sizes=\"(max-width: 1200px) 100vw, 1200px\" \/><\/div><\/a>\n\t\t\t\t<div class=\"elementor-post__badge\">General news<\/div>\n\t\t\t\t<div class=\"elementor-post__text\">\n\t\t\t\t<h3 class=\"elementor-post__title\">\n\t\t\t<a href=\"https:\/\/sweetfable.hu\/en\/sweet-fable-indigo-beagle-kan-kolyok-csaladjat-keresi\/\" >\n\t\t\t\tSweet Fable Indigo Beagle kan k\u00f6ly\u00f6k csal\u00e1dj\u00e1t m\u00e1r megtal\u00e1lta!\t\t\t<\/a>\n\t\t<\/h3>\n\t\t\n\t\t<a class=\"elementor-post__read-more\" href=\"https:\/\/sweetfable.hu\/en\/sweet-fable-indigo-beagle-kan-kolyok-csaladjat-keresi\/\" aria-label=\"Read more about Sweet Fable Indigo Beagle kan k\u00f6ly\u00f6k csal\u00e1dj\u00e1t m\u00e1r megtal\u00e1lta!\" tabindex=\"-1\" >\n\t\t\tDETAILS\t\t<\/a>\n\n\t\t\t\t<\/div>\n\t\t\t\t\t<\/div>\n\t\t<\/article>\n\t\t\t\t<article class=\"elementor-post elementor-grid-item post-1194 post type-post status-publish format-standard has-post-thumbnail hentry category-altalanos-hirek category-kolykok\">\n\t\t\t<div class=\"elementor-post__card\">\n\t\t\t\t<a class=\"elementor-post__thumbnail__link\" href=\"https:\/\/sweetfable.hu\/en\/2026-tavaszan-varhato-a-kovetkezo-beagle-alom-szuletese\/\" tabindex=\"-1\" ><div class=\"elementor-post__thumbnail\"><img decoding=\"async\" width=\"2560\" height=\"1708\" src=\"https:\/\/sweetfable.hu\/wp-content\/uploads\/2026\/01\/Houdini-6-1-scaled.jpg\" class=\"attachment-full size-full wp-image-1195\" alt=\"Sweet Fable Beagle k\u00f6ly\u00f6k\" srcset=\"https:\/\/sweetfable.hu\/wp-content\/uploads\/2026\/01\/Houdini-6-1-scaled.jpg 2560w, https:\/\/sweetfable.hu\/wp-content\/uploads\/2026\/01\/Houdini-6-1-300x200.jpg 300w, https:\/\/sweetfable.hu\/wp-content\/uploads\/2026\/01\/Houdini-6-1-1024x683.jpg 1024w, https:\/\/sweetfable.hu\/wp-content\/uploads\/2026\/01\/Houdini-6-1-768x512.jpg 768w, https:\/\/sweetfable.hu\/wp-content\/uploads\/2026\/01\/Houdini-6-1-1536x1025.jpg 1536w, https:\/\/sweetfable.hu\/wp-content\/uploads\/2026\/01\/Houdini-6-1-2048x1367.jpg 2048w, https:\/\/sweetfable.hu\/wp-content\/uploads\/2026\/01\/Houdini-6-1-18x12.jpg 18w\" sizes=\"(max-width: 2560px) 100vw, 2560px\" \/><\/div><\/a>\n\t\t\t\t<div class=\"elementor-post__badge\">General news<\/div>\n\t\t\t\t<div class=\"elementor-post__text\">\n\t\t\t\t<h3 class=\"elementor-post__title\">\n\t\t\t<a href=\"https:\/\/sweetfable.hu\/en\/2026-tavaszan-varhato-a-kovetkezo-beagle-alom-szuletese\/\" >\n\t\t\t\tThe next Beagle litter is expected in spring 2026\t\t\t<\/a>\n\t\t<\/h3>\n\t\t\n\t\t<a class=\"elementor-post__read-more\" href=\"https:\/\/sweetfable.hu\/en\/2026-tavaszan-varhato-a-kovetkezo-beagle-alom-szuletese\/\" aria-label=\"Read more about 2026 tavasz\u00e1n v\u00e1rhat\u00f3 a k\u00f6vetkez\u0151 Beagle alom sz\u00fclet\u00e9se\" tabindex=\"-1\" >\n\t\t\tDETAILS\t\t<\/a>\n\n\t\t\t\t<\/div>\n\t\t\t\t\t<\/div>\n\t\t<\/article>\n\t\t\t\t<article class=\"elementor-post elementor-grid-item post-1175 post type-post status-publish format-standard has-post-thumbnail hentry category-altalanos-hirek category-kolykok\">\n\t\t\t<div class=\"elementor-post__card\">\n\t\t\t\t<a class=\"elementor-post__thumbnail__link\" href=\"https:\/\/sweetfable.hu\/en\/dome-uj-csaladjat-keresi\/\" tabindex=\"-1\" ><div class=\"elementor-post__thumbnail\"><img decoding=\"async\" width=\"2560\" height=\"1708\" src=\"https:\/\/sweetfable.hu\/wp-content\/uploads\/2025\/10\/DSC_0453-1-scaled.jpg\" class=\"attachment-full size-full wp-image-1188\" alt=\"Sweet Fable Guba elad\u00f3\" srcset=\"https:\/\/sweetfable.hu\/wp-content\/uploads\/2025\/10\/DSC_0453-1-scaled.jpg 2560w, https:\/\/sweetfable.hu\/wp-content\/uploads\/2025\/10\/DSC_0453-1-300x200.jpg 300w, https:\/\/sweetfable.hu\/wp-content\/uploads\/2025\/10\/DSC_0453-1-1024x683.jpg 1024w, https:\/\/sweetfable.hu\/wp-content\/uploads\/2025\/10\/DSC_0453-1-768x512.jpg 768w, https:\/\/sweetfable.hu\/wp-content\/uploads\/2025\/10\/DSC_0453-1-1536x1025.jpg 1536w, https:\/\/sweetfable.hu\/wp-content\/uploads\/2025\/10\/DSC_0453-1-2048x1367.jpg 2048w, https:\/\/sweetfable.hu\/wp-content\/uploads\/2025\/10\/DSC_0453-1-18x12.jpg 18w\" sizes=\"(max-width: 2560px) 100vw, 2560px\" \/><\/div><\/a>\n\t\t\t\t<div class=\"elementor-post__badge\">General news<\/div>\n\t\t\t\t<div class=\"elementor-post__text\">\n\t\t\t\t<h3 class=\"elementor-post__title\">\n\t\t\t<a href=\"https:\/\/sweetfable.hu\/en\/dome-uj-csaladjat-keresi\/\" >\n\t\t\t\tD\u00f6me has found his loving family!!!\t\t\t<\/a>\n\t\t<\/h3>\n\t\t\n\t\t<a class=\"elementor-post__read-more\" href=\"https:\/\/sweetfable.hu\/en\/dome-uj-csaladjat-keresi\/\" aria-label=\"Read more about D\u00f6me megtal\u00e1lta szeret\u0151 csal\u00e1dj\u00e1t!!!\" tabindex=\"-1\" >\n\t\t\tDETAILS\t\t<\/a>\n\n\t\t\t\t<\/div>\n\t\t\t\t\t<\/div>\n\t\t<\/article>\n\t\t\t\t<article class=\"elementor-post elementor-grid-item post-1167 post type-post status-publish format-standard has-post-thumbnail hentry category-kiallitasok\">\n\t\t\t<div class=\"elementor-post__card\">\n\t\t\t\t<a class=\"elementor-post__thumbnail__link\" href=\"https:\/\/sweetfable.hu\/en\/peppa-ismet-fajtagyoztes-lett\/\" tabindex=\"-1\" ><div class=\"elementor-post__thumbnail\"><img loading=\"lazy\" decoding=\"async\" width=\"2048\" height=\"1365\" src=\"https:\/\/sweetfable.hu\/wp-content\/uploads\/2025\/09\/DSC00189_2_1.jpg\" class=\"attachment-full size-full wp-image-1168\" alt=\"\" srcset=\"https:\/\/sweetfable.hu\/wp-content\/uploads\/2025\/09\/DSC00189_2_1.jpg 2048w, https:\/\/sweetfable.hu\/wp-content\/uploads\/2025\/09\/DSC00189_2_1-300x200.jpg 300w, https:\/\/sweetfable.hu\/wp-content\/uploads\/2025\/09\/DSC00189_2_1-1024x683.jpg 1024w, https:\/\/sweetfable.hu\/wp-content\/uploads\/2025\/09\/DSC00189_2_1-768x512.jpg 768w, https:\/\/sweetfable.hu\/wp-content\/uploads\/2025\/09\/DSC00189_2_1-1536x1024.jpg 1536w, https:\/\/sweetfable.hu\/wp-content\/uploads\/2025\/09\/DSC00189_2_1-18x12.jpg 18w\" sizes=\"(max-width: 2048px) 100vw, 2048px\" \/><\/div><\/a>\n\t\t\t\t<div class=\"elementor-post__badge\">Exhibitions<\/div>\n\t\t\t\t<div class=\"elementor-post__text\">\n\t\t\t\t<h3 class=\"elementor-post__title\">\n\t\t\t<a href=\"https:\/\/sweetfable.hu\/en\/peppa-ismet-fajtagyoztes-lett\/\" >\n\t\t\t\tPeppa is the Breed Champion again!\t\t\t<\/a>\n\t\t<\/h3>\n\t\t\n\t\t<a class=\"elementor-post__read-more\" href=\"https:\/\/sweetfable.hu\/en\/peppa-ismet-fajtagyoztes-lett\/\" aria-label=\"Read more about Peppa ism\u00e9t Fajtagy\u0151ztes lett!\" tabindex=\"-1\" >\n\t\t\tDETAILS\t\t<\/a>\n\n\t\t\t\t<\/div>\n\t\t\t\t\t<\/div>\n\t\t<\/article>\n\t\t\t\t<article class=\"elementor-post elementor-grid-item post-1126 post type-post status-publish format-standard has-post-thumbnail hentry category-i-alom category-altalanos-hirek category-kolykok\">\n\t\t\t<div class=\"elementor-post__card\">\n\t\t\t\t<a class=\"elementor-post__thumbnail__link\" href=\"https:\/\/sweetfable.hu\/en\/2025-07-30-an-megszuletett-az-i-alom\/\" tabindex=\"-1\" ><div class=\"elementor-post__thumbnail\"><img loading=\"lazy\" decoding=\"async\" width=\"1200\" height=\"900\" src=\"https:\/\/sweetfable.hu\/wp-content\/uploads\/2025\/08\/IMG_20250802_123604.jpg\" class=\"attachment-full size-full wp-image-1127\" alt=\"&quot;I&quot;alom Beagle kiskutya\" srcset=\"https:\/\/sweetfable.hu\/wp-content\/uploads\/2025\/08\/IMG_20250802_123604.jpg 1200w, https:\/\/sweetfable.hu\/wp-content\/uploads\/2025\/08\/IMG_20250802_123604-300x225.jpg 300w, https:\/\/sweetfable.hu\/wp-content\/uploads\/2025\/08\/IMG_20250802_123604-1024x768.jpg 1024w, https:\/\/sweetfable.hu\/wp-content\/uploads\/2025\/08\/IMG_20250802_123604-768x576.jpg 768w, https:\/\/sweetfable.hu\/wp-content\/uploads\/2025\/08\/IMG_20250802_123604-16x12.jpg 16w\" sizes=\"(max-width: 1200px) 100vw, 1200px\" \/><\/div><\/a>\n\t\t\t\t<div class=\"elementor-post__badge\">\"I\" alom<\/div>\n\t\t\t\t<div class=\"elementor-post__text\">\n\t\t\t\t<h3 class=\"elementor-post__title\">\n\t\t\t<a href=\"https:\/\/sweetfable.hu\/en\/2025-07-30-an-megszuletett-az-i-alom\/\" >\n\t\t\t\tOn 30.07.2025 the \"I\" litter was born!\t\t\t<\/a>\n\t\t<\/h3>\n\t\t\n\t\t<a class=\"elementor-post__read-more\" href=\"https:\/\/sweetfable.hu\/en\/2025-07-30-an-megszuletett-az-i-alom\/\" aria-label=\"Read more about On 30.07.2025 the &quot;I&quot; litter was born!\" tabindex=\"-1\" >\n\t\t\tDETAILS\t\t<\/a>\n\n\t\t\t\t<\/div>\n\t\t\t\t\t<\/div>\n\t\t<\/article>\n\t\t\t\t<article class=\"elementor-post elementor-grid-item post-1050 post type-post status-publish format-standard has-post-thumbnail hentry category-h-alom-kolykok category-kolykok\">\n\t\t\t<div class=\"elementor-post__card\">\n\t\t\t\t<a class=\"elementor-post__thumbnail__link\" href=\"https:\/\/sweetfable.hu\/en\/beagle-kiskutyak\/\" tabindex=\"-1\" ><div class=\"elementor-post__thumbnail\"><img loading=\"lazy\" decoding=\"async\" width=\"1920\" height=\"2560\" src=\"https:\/\/sweetfable.hu\/wp-content\/uploads\/2025\/06\/IMG_20250803_144812-1-scaled.jpg\" class=\"attachment-full size-full wp-image-1124\" alt=\"Beagle k\u00f6ly\u00f6k &quot;H&quot;alom\" srcset=\"https:\/\/sweetfable.hu\/wp-content\/uploads\/2025\/06\/IMG_20250803_144812-1-scaled.jpg 1920w, https:\/\/sweetfable.hu\/wp-content\/uploads\/2025\/06\/IMG_20250803_144812-1-225x300.jpg 225w, https:\/\/sweetfable.hu\/wp-content\/uploads\/2025\/06\/IMG_20250803_144812-1-768x1024.jpg 768w, https:\/\/sweetfable.hu\/wp-content\/uploads\/2025\/06\/IMG_20250803_144812-1-1152x1536.jpg 1152w, https:\/\/sweetfable.hu\/wp-content\/uploads\/2025\/06\/IMG_20250803_144812-1-1536x2048.jpg 1536w, https:\/\/sweetfable.hu\/wp-content\/uploads\/2025\/06\/IMG_20250803_144812-1-9x12.jpg 9w\" sizes=\"(max-width: 1920px) 100vw, 1920px\" \/><\/div><\/a>\n\t\t\t\t<div class=\"elementor-post__badge\">\"H.\" alom<\/div>\n\t\t\t\t<div class=\"elementor-post__text\">\n\t\t\t\t<h3 class=\"elementor-post__title\">\n\t\t\t<a href=\"https:\/\/sweetfable.hu\/en\/beagle-kiskutyak\/\" >\n\t\t\t\tNew Beagle puppies due to be born in July!\t\t\t<\/a>\n\t\t<\/h3>\n\t\t\n\t\t<a class=\"elementor-post__read-more\" href=\"https:\/\/sweetfable.hu\/en\/beagle-kiskutyak\/\" aria-label=\"Read more about New Beagle puppies due in July!\" tabindex=\"-1\" >\n\t\t\tDETAILS\t\t<\/a>\n\n\t\t\t\t<\/div>\n\t\t\t\t\t<\/div>\n\t\t<\/article>\n\t\t\t\t<article class=\"elementor-post elementor-grid-item post-249 post type-post status-publish format-standard has-post-thumbnail hentry category-j-alom category-kolykok\">\n\t\t\t<div class=\"elementor-post__card\">\n\t\t\t\t<a class=\"elementor-post__thumbnail__link\" href=\"https:\/\/sweetfable.hu\/en\/megszuletett-a-j-alom\/\" tabindex=\"-1\" ><div class=\"elementor-post__thumbnail\"><img loading=\"lazy\" decoding=\"async\" width=\"800\" height=\"534\" src=\"https:\/\/sweetfable.hu\/wp-content\/uploads\/2025\/06\/imsof6we4-dsc-002903905120-3A5E-73C2-73FF-18D873115898-min.jpg\" class=\"attachment-full size-full wp-image-259\" alt=\"\" srcset=\"https:\/\/sweetfable.hu\/wp-content\/uploads\/2025\/06\/imsof6we4-dsc-002903905120-3A5E-73C2-73FF-18D873115898-min.jpg 800w, https:\/\/sweetfable.hu\/wp-content\/uploads\/2025\/06\/imsof6we4-dsc-002903905120-3A5E-73C2-73FF-18D873115898-min-300x200.jpg 300w, https:\/\/sweetfable.hu\/wp-content\/uploads\/2025\/06\/imsof6we4-dsc-002903905120-3A5E-73C2-73FF-18D873115898-min-768x513.jpg 768w\" sizes=\"(max-width: 800px) 100vw, 800px\" \/><\/div><\/a>\n\t\t\t\t<div class=\"elementor-post__badge\">\"J\" alom<\/div>\n\t\t\t\t<div class=\"elementor-post__text\">\n\t\t\t\t<h3 class=\"elementor-post__title\">\n\t\t\t<a href=\"https:\/\/sweetfable.hu\/en\/megszuletett-a-j-alom\/\" >\n\t\t\t\tOn 31.05.2019 the \"J\" litter was born!\t\t\t<\/a>\n\t\t<\/h3>\n\t\t\n\t\t<a class=\"elementor-post__read-more\" href=\"https:\/\/sweetfable.hu\/en\/megszuletett-a-j-alom\/\" aria-label=\"Read more about The &quot;J&quot; litter was born on 31.05.2019!\" tabindex=\"-1\" >\n\t\t\tDETAILS\t\t<\/a>\n\n\t\t\t\t<\/div>\n\t\t\t\t\t<\/div>\n\t\t<\/article>\n\t\t\t\t<article class=\"elementor-post elementor-grid-item post-233 post type-post status-publish format-standard has-post-thumbnail hentry category-f-alom category-kolykok\">\n\t\t\t<div class=\"elementor-post__card\">\n\t\t\t\t<a class=\"elementor-post__thumbnail__link\" href=\"https:\/\/sweetfable.hu\/en\/2019-02-19-en-megszuletett-az-f-alom\/\" tabindex=\"-1\" ><div class=\"elementor-post__thumbnail\"><img loading=\"lazy\" decoding=\"async\" width=\"800\" height=\"535\" src=\"https:\/\/sweetfable.hu\/wp-content\/uploads\/2025\/06\/miayodaa1w002F840AEA6-9F5D-FFEE-569C-B119C1572EE7-min.jpg\" class=\"attachment-full size-full wp-image-238\" alt=\"Sweet Fable Beagle t\u00f6rzsk\u00f6nyves kiskutya\" srcset=\"https:\/\/sweetfable.hu\/wp-content\/uploads\/2025\/06\/miayodaa1w002F840AEA6-9F5D-FFEE-569C-B119C1572EE7-min.jpg 800w, https:\/\/sweetfable.hu\/wp-content\/uploads\/2025\/06\/miayodaa1w002F840AEA6-9F5D-FFEE-569C-B119C1572EE7-min-300x201.jpg 300w, https:\/\/sweetfable.hu\/wp-content\/uploads\/2025\/06\/miayodaa1w002F840AEA6-9F5D-FFEE-569C-B119C1572EE7-min-768x514.jpg 768w\" sizes=\"(max-width: 800px) 100vw, 800px\" \/><\/div><\/a>\n\t\t\t\t<div class=\"elementor-post__badge\">\"F\" alom<\/div>\n\t\t\t\t<div class=\"elementor-post__text\">\n\t\t\t\t<h3 class=\"elementor-post__title\">\n\t\t\t<a href=\"https:\/\/sweetfable.hu\/en\/2019-02-19-en-megszuletett-az-f-alom\/\" >\n\t\t\t\tThe \"F\" litter was born on 19.02.2019!\t\t\t<\/a>\n\t\t<\/h3>\n\t\t\n\t\t<a class=\"elementor-post__read-more\" href=\"https:\/\/sweetfable.hu\/en\/2019-02-19-en-megszuletett-az-f-alom\/\" aria-label=\"Read more about The &quot;F&quot; litter was born on 19.02.2019!\" tabindex=\"-1\" >\n\t\t\tDETAILS\t\t<\/a>\n\n\t\t\t\t<\/div>\n\t\t\t\t\t<\/div>\n\t\t<\/article>\n\t\t\t\t<\/div>\n\t\t\n\t\t\t\t\t\t<\/div>\n\t\t\t\t<\/div>\n\t\t\t\t\t<\/div>\n\t\t\t\t<\/div>\n\t\t\t\t<\/div>","protected":false},"excerpt":{"rendered":"<p>Read the most important news about Sweet Fable Beagle Kennel!<\/p>","protected":false},"author":1,"featured_media":0,"parent":0,"menu_order":0,"comment_status":"closed","ping_status":"closed","template":"elementor_header_footer","meta":{"_acf_changed":false,"footnotes":""},"class_list":["post-16","page","type-page","status-publish","hentry"],"acf":[],"yoast_head":"<!-- This site is optimized with the Yoast SEO Premium plugin v25.2 (Yoast SEO v26.8) - https:\/\/yoast.com\/product\/yoast-seo-premium-wordpress\/ -->\n<title>H\u00edrek - Sweet Fable Kennel<\/title>\n<meta name=\"description\" content=\"Olvasd el a legfontosabb t\u00f6rt\u00e9n\u00e9seket a Sweet Fable Beagle Kennel-r\u0151l! Megtal\u00e1lhat\u00f3ak a legfrissebb inform\u00e1ci\u00f3k a kiskuty\u00e1kr\u00f3l \u00e9s kuty\u00e1inkr\u00f3l\" \/>\n<meta name=\"robots\" content=\"index, follow, max-snippet:-1, max-image-preview:large, max-video-preview:-1\" \/>\n<link rel=\"canonical\" href=\"https:\/\/sweetfable.hu\/en\/hirek\/\" \/>\n<meta property=\"og:locale\" content=\"en_GB\" \/>\n<meta property=\"og:type\" content=\"article\" \/>\n<meta property=\"og:title\" content=\"H\u00edrek\" \/>\n<meta property=\"og:description\" content=\"Olvasd el a legfontosabb t\u00f6rt\u00e9n\u00e9seket a Sweet Fable Beagle Kennel-r\u0151l! Megtal\u00e1lhat\u00f3ak a legfrissebb inform\u00e1ci\u00f3k a kiskuty\u00e1kr\u00f3l \u00e9s kuty\u00e1inkr\u00f3l\" \/>\n<meta property=\"og:url\" content=\"https:\/\/sweetfable.hu\/en\/hirek\/\" \/>\n<meta property=\"og:site_name\" content=\"Sweet Fable Kennel\" \/>\n<meta property=\"article:publisher\" content=\"https:\/\/www.facebook.com\/sweetfablekennel\" \/>\n<meta property=\"article:modified_time\" content=\"2025-07-11T12:27:44+00:00\" \/>\n<meta name=\"twitter:card\" content=\"summary_large_image\" \/>\n<meta name=\"twitter:label1\" content=\"Estimated reading time\" \/>\n\t<meta name=\"twitter:data1\" content=\"1 minute\" \/>\n<script type=\"application\/ld+json\" class=\"yoast-schema-graph\">{\"@context\":\"https:\/\/schema.org\",\"@graph\":[{\"@type\":\"WebPage\",\"@id\":\"https:\/\/sweetfable.hu\/hirek\/\",\"url\":\"https:\/\/sweetfable.hu\/hirek\/\",\"name\":\"H\u00edrek - Sweet Fable Kennel\",\"isPartOf\":{\"@id\":\"https:\/\/sweetfable.hu\/#website\"},\"datePublished\":\"2025-05-30T14:08:13+00:00\",\"dateModified\":\"2025-07-11T12:27:44+00:00\",\"description\":\"Olvasd el a legfontosabb t\u00f6rt\u00e9n\u00e9seket a Sweet Fable Beagle Kennel-r\u0151l! Megtal\u00e1lhat\u00f3ak a legfrissebb inform\u00e1ci\u00f3k a kiskuty\u00e1kr\u00f3l \u00e9s kuty\u00e1inkr\u00f3l\",\"breadcrumb\":{\"@id\":\"https:\/\/sweetfable.hu\/hirek\/#breadcrumb\"},\"inLanguage\":\"en-GB\",\"potentialAction\":[{\"@type\":\"ReadAction\",\"target\":[\"https:\/\/sweetfable.hu\/hirek\/\"]}]},{\"@type\":\"BreadcrumbList\",\"@id\":\"https:\/\/sweetfable.hu\/hirek\/#breadcrumb\",\"itemListElement\":[{\"@type\":\"ListItem\",\"position\":1,\"name\":\"Kezd\u0151lap\",\"item\":\"https:\/\/sweetfable.hu\/\"},{\"@type\":\"ListItem\",\"position\":2,\"name\":\"H\u00edrek\"}]},{\"@type\":\"WebSite\",\"@id\":\"https:\/\/sweetfable.hu\/#website\",\"url\":\"https:\/\/sweetfable.hu\/\",\"name\":\"Sweet Fable Kennel\",\"description\":\"Sweet Fable Beagle Kennel\",\"publisher\":{\"@id\":\"https:\/\/sweetfable.hu\/#organization\"},\"potentialAction\":[{\"@type\":\"SearchAction\",\"target\":{\"@type\":\"EntryPoint\",\"urlTemplate\":\"https:\/\/sweetfable.hu\/?s={search_term_string}\"},\"query-input\":{\"@type\":\"PropertyValueSpecification\",\"valueRequired\":true,\"valueName\":\"search_term_string\"}}],\"inLanguage\":\"en-GB\"},{\"@type\":\"Organization\",\"@id\":\"https:\/\/sweetfable.hu\/#organization\",\"name\":\"Sweet Fable Kennel\",\"url\":\"https:\/\/sweetfable.hu\/\",\"logo\":{\"@type\":\"ImageObject\",\"inLanguage\":\"en-GB\",\"@id\":\"https:\/\/sweetfable.hu\/#\/schema\/logo\/image\/\",\"url\":\"https:\/\/sweetfable.hu\/wp-content\/uploads\/2025\/05\/sweetfable-logo-2025.png\",\"contentUrl\":\"https:\/\/sweetfable.hu\/wp-content\/uploads\/2025\/05\/sweetfable-logo-2025.png\",\"width\":620,\"height\":200,\"caption\":\"Sweet Fable Kennel\"},\"image\":{\"@id\":\"https:\/\/sweetfable.hu\/#\/schema\/logo\/image\/\"},\"sameAs\":[\"https:\/\/www.facebook.com\/sweetfablekennel\"]}]}<\/script>\n<!-- \/ Yoast SEO Premium plugin. -->","yoast_head_json":{"title":"H\u00edrek - Sweet Fable Kennel","description":"Olvasd el a legfontosabb t\u00f6rt\u00e9n\u00e9seket a Sweet Fable Beagle Kennel-r\u0151l! Megtal\u00e1lhat\u00f3ak a legfrissebb inform\u00e1ci\u00f3k a kiskuty\u00e1kr\u00f3l \u00e9s kuty\u00e1inkr\u00f3l","robots":{"index":"index","follow":"follow","max-snippet":"max-snippet:-1","max-image-preview":"max-image-preview:large","max-video-preview":"max-video-preview:-1"},"canonical":"https:\/\/sweetfable.hu\/en\/hirek\/","og_locale":"en_GB","og_type":"article","og_title":"H\u00edrek","og_description":"Olvasd el a legfontosabb t\u00f6rt\u00e9n\u00e9seket a Sweet Fable Beagle Kennel-r\u0151l! Megtal\u00e1lhat\u00f3ak a legfrissebb inform\u00e1ci\u00f3k a kiskuty\u00e1kr\u00f3l \u00e9s kuty\u00e1inkr\u00f3l","og_url":"https:\/\/sweetfable.hu\/en\/hirek\/","og_site_name":"Sweet Fable Kennel","article_publisher":"https:\/\/www.facebook.com\/sweetfablekennel","article_modified_time":"2025-07-11T12:27:44+00:00","twitter_card":"summary_large_image","twitter_misc":{"Estimated reading time":"1 minute"},"schema":{"@context":"https:\/\/schema.org","@graph":[{"@type":"WebPage","@id":"https:\/\/sweetfable.hu\/hirek\/","url":"https:\/\/sweetfable.hu\/hirek\/","name":"H\u00edrek - Sweet Fable Kennel","isPartOf":{"@id":"https:\/\/sweetfable.hu\/#website"},"datePublished":"2025-05-30T14:08:13+00:00","dateModified":"2025-07-11T12:27:44+00:00","description":"Olvasd el a legfontosabb t\u00f6rt\u00e9n\u00e9seket a Sweet Fable Beagle Kennel-r\u0151l! Megtal\u00e1lhat\u00f3ak a legfrissebb inform\u00e1ci\u00f3k a kiskuty\u00e1kr\u00f3l \u00e9s kuty\u00e1inkr\u00f3l","breadcrumb":{"@id":"https:\/\/sweetfable.hu\/hirek\/#breadcrumb"},"inLanguage":"en-GB","potentialAction":[{"@type":"ReadAction","target":["https:\/\/sweetfable.hu\/hirek\/"]}]},{"@type":"BreadcrumbList","@id":"https:\/\/sweetfable.hu\/hirek\/#breadcrumb","itemListElement":[{"@type":"ListItem","position":1,"name":"Kezd\u0151lap","item":"https:\/\/sweetfable.hu\/"},{"@type":"ListItem","position":2,"name":"H\u00edrek"}]},{"@type":"WebSite","@id":"https:\/\/sweetfable.hu\/#website","url":"https:\/\/sweetfable.hu\/","name":"Sweet Fable Kennel","description":"Sweet Fable Beagle Kennel","publisher":{"@id":"https:\/\/sweetfable.hu\/#organization"},"potentialAction":[{"@type":"SearchAction","target":{"@type":"EntryPoint","urlTemplate":"https:\/\/sweetfable.hu\/?s={search_term_string}"},"query-input":{"@type":"PropertyValueSpecification","valueRequired":true,"valueName":"search_term_string"}}],"inLanguage":"en-GB"},{"@type":"Organization","@id":"https:\/\/sweetfable.hu\/#organization","name":"Sweet Fable Kennel","url":"https:\/\/sweetfable.hu\/","logo":{"@type":"ImageObject","inLanguage":"en-GB","@id":"https:\/\/sweetfable.hu\/#\/schema\/logo\/image\/","url":"https:\/\/sweetfable.hu\/wp-content\/uploads\/2025\/05\/sweetfable-logo-2025.png","contentUrl":"https:\/\/sweetfable.hu\/wp-content\/uploads\/2025\/05\/sweetfable-logo-2025.png","width":620,"height":200,"caption":"Sweet Fable Kennel"},"image":{"@id":"https:\/\/sweetfable.hu\/#\/schema\/logo\/image\/"},"sameAs":["https:\/\/www.facebook.com\/sweetfablekennel"]}]}},"_links":{"self":[{"href":"https:\/\/sweetfable.hu\/en\/wp-json\/wp\/v2\/pages\/16","targetHints":{"allow":["GET"]}}],"collection":[{"href":"https:\/\/sweetfable.hu\/en\/wp-json\/wp\/v2\/pages"}],"about":[{"href":"https:\/\/sweetfable.hu\/en\/wp-json\/wp\/v2\/types\/page"}],"author":[{"embeddable":true,"href":"https:\/\/sweetfable.hu\/en\/wp-json\/wp\/v2\/users\/1"}],"replies":[{"embeddable":true,"href":"https:\/\/sweetfable.hu\/en\/wp-json\/wp\/v2\/comments?post=16"}],"version-history":[{"count":10,"href":"https:\/\/sweetfable.hu\/en\/wp-json\/wp\/v2\/pages\/16\/revisions"}],"predecessor-version":[{"id":783,"href":"https:\/\/sweetfable.hu\/en\/wp-json\/wp\/v2\/pages\/16\/revisions\/783"}],"wp:attachment":[{"href":"https:\/\/sweetfable.hu\/en\/wp-json\/wp\/v2\/media?parent=16"}],"curies":[{"name":"wp","href":"https:\/\/api.w.org\/{rel}","templated":true}]}}